{"id":3,"date":"2019-11-01T12:16:13","date_gmt":"2019-11-01T11:16:13","guid":{"rendered":"http:\/\/velopotageretcerveau.fr\/?page_id=3"},"modified":"2021-01-11T21:16:30","modified_gmt":"2021-01-11T20:16:30","slug":"politique-de-confidentialite","status":"publish","type":"page","link":"https:\/\/velopotageretcerveau.fr\/?page_id=3","title":{"rendered":"Politique de confidentialit\u00e9"},"content":{"rendered":"\n<h2>Qui sommes-nous&nbsp;?<\/h2>\n\n\n\n<p>L\u2019adresse de notre site Web est\u00a0: https:\/\/velopotageretcerveau.fr.<\/p>\n\n\n\n<p>Outre l&rsquo;auteur, ce blog doit pas mal \u00e0 Isabelle Lesens (du blog <a href=\"https:\/\/www.isabelleetlevelo.fr\">Isabelle et le v\u00e9lo<\/a>)  qui le met r\u00e9guli\u00e8rement en forme.<br><\/p>\n\n\n\n<h2>Utilisation des donn\u00e9es personnelles collect\u00e9es<\/h2>\n\n\n\n<h3>Commentaires<\/h3>\n\n\n\n<p>Il n&rsquo;y a pas de commentaires sur ce blog.<\/p>\n\n\n\n<p><\/p>\n\n\n\n<h3>M\u00e9dias<\/h3>\n\n\n\n<p>Si vous \u00eates un utilisateur ou une utilisatrice enregistr\u00e9\u00b7e et que vous t\u00e9l\u00e9versez des images sur le site web, nous vous conseillons d\u2019\u00e9viter de t\u00e9l\u00e9verser des images contenant des donn\u00e9es EXIF de coordonn\u00e9es GPS. Les visiteurs de votre site web peuvent t\u00e9l\u00e9charger et extraire des donn\u00e9es de localisation depuis ces images.<\/p>\n\n\n\n<h3>Formulaires de contact<\/h3>\n\n\n\n<h3>Cookies<\/h3>\n\n\n\n<p>Si vous d\u00e9posez un commentaire sur notre site, il vous sera propos\u00e9 d\u2019enregistrer votre nom, adresse de messagerie et site web dans des cookies. C\u2019est uniquement pour votre confort afin de ne pas avoir \u00e0 saisir ces informations si vous d\u00e9posez un autre commentaire plus tard. Ces cookies expirent au bout d\u2019un an.<\/p>\n\n\n\n<p>Si vous avez un compte et que vous vous connectez sur ce site, un cookie temporaire sera cr\u00e9\u00e9 afin de d\u00e9terminer si votre navigateur accepte les cookies. Il ne contient pas de donn\u00e9es personnelles et sera supprim\u00e9 automatiquement \u00e0 la fermeture de votre navigateur.<\/p>\n\n\n\n<p>Lorsque vous vous connecterez, nous mettrons en place un certain nombre de cookies pour enregistrer vos informations de connexion et vos pr\u00e9f\u00e9rences d\u2019\u00e9cran. La dur\u00e9e de vie d\u2019un cookie de connexion est de deux jours, celle d\u2019un cookie d\u2019option d\u2019\u00e9cran est d\u2019un an. Si vous cochez \u00ab&nbsp;Se souvenir de moi&nbsp;\u00bb, votre cookie de connexion sera conserv\u00e9 pendant deux semaines. Si vous vous d\u00e9connectez de votre compte, le cookie de connexion sera effac\u00e9.<\/p>\n\n\n\n<p>En modifiant ou en publiant une publication, un cookie suppl\u00e9mentaire sera enregistr\u00e9 dans votre navigateur. Ce cookie ne comprend aucune donn\u00e9e personnelle. Il indique simplement l\u2019ID de la publication que vous venez de modifier. Il expire au bout d\u2019un jour.<\/p>\n\n\n\n<h3>Contenu embarqu\u00e9 depuis d\u2019autres sites<\/h3>\n\n\n\n<p>Les articles de ce site peuvent inclure des contenus int\u00e9gr\u00e9s (par exemple des vid\u00e9os, images, articles\u2026). Le contenu int\u00e9gr\u00e9 depuis d\u2019autres sites se comporte de la m\u00eame mani\u00e8re que si le visiteur se rendait sur cet autre site.<\/p>\n\n\n\n<p>Ces sites web pourraient collecter des donn\u00e9es sur vous, utiliser des cookies, embarquer des outils de suivis tiers, suivre vos interactions avec ces contenus embarqu\u00e9s si vous disposez d\u2019un compte connect\u00e9 sur leur site web.<\/p>\n\n\n\n<h3>Statistiques et mesures d\u2019audience<\/h3>\n\n\n\n<h3>Utilisation et transmission de vos donn\u00e9es personnelles<\/h3>\n\n\n\n<p>Sans objet<\/p>\n\n\n\n<h3>Dur\u00e9es de stockage de vos donn\u00e9es<\/h3>\n\n\n\n<p>Sans objet<\/p>\n\n\n\n<p><\/p>\n\n\n\n<h3>Les droits que vous avez sur vos donn\u00e9es<\/h3>\n\n\n\n<p>Sans objet<\/p>\n\n\n\n<h3>Informations de contact<\/h3>\n\n\n\n<h3>Informations suppl\u00e9mentaires<\/h3>\n\n\n\n<h3>Comment nous prot\u00e9geons vos donn\u00e9es<\/h3>\n\n\n\n<h3>Proc\u00e9dures mises en \u0153uvre en cas de fuite de donn\u00e9es<\/h3>\n\n\n\n<h3>Les services tiers qui nous transmettent des donn\u00e9es<\/h3>\n\n\n\n<h3>Op\u00e9rations de marketing automatis\u00e9 et\/ou de profilage r\u00e9alis\u00e9es \u00e0 l\u2019aide des donn\u00e9es personnelles<\/h3>\n\n\n\n<h3>Affichage des informations li\u00e9es aux secteurs soumis \u00e0 des r\u00e9gulations sp\u00e9cifiques<\/h3>\n","protected":false},"excerpt":{"rendered":"<p>Qui sommes-nous&nbsp;? L\u2019adresse de notre site Web est\u00a0: https:\/\/velopotageretcerveau.fr. Outre l&rsquo;auteur, ce blog doit pas mal \u00e0 Isabelle Lesens (du blog Isabelle et le v\u00e9lo) qui le met r\u00e9guli\u00e8rement en forme. Utilisation des donn\u00e9es personnelles collect\u00e9es Commentaires Il n&rsquo;y a pas de commentaires sur ce blog. M\u00e9dias Si vous \u00eates un utilisateur ou une utilisatrice &hellip; <a href=\"https:\/\/velopotageretcerveau.fr\/?page_id=3\" class=\"more-link\">Continuer la lecture<span class=\"screen-reader-text\"> de &laquo;&nbsp;Politique de confidentialit\u00e9&nbsp;&raquo;<\/span><\/a><\/p>\n","protected":false},"author":1,"featured_media":0,"parent":0,"menu_order":0,"comment_status":"closed","ping_status":"open","template":"","meta":[],"_links":{"self":[{"href":"https:\/\/velopotageretcerveau.fr\/index.php?rest_route=\/wp\/v2\/pages\/3"}],"collection":[{"href":"https:\/\/velopotageretcerveau.fr\/index.php?rest_route=\/wp\/v2\/pages"}],"about":[{"href":"https:\/\/velopotageretcerveau.fr\/index.php?rest_route=\/wp\/v2\/types\/page"}],"author":[{"embeddable":true,"href":"https:\/\/velopotageretcerveau.fr\/index.php?rest_route=\/wp\/v2\/users\/1"}],"replies":[{"embeddable":true,"href":"https:\/\/velopotageretcerveau.fr\/index.php?rest_route=%2Fwp%2Fv2%2Fcomments&post=3"}],"version-history":[{"count":4,"href":"https:\/\/velopotageretcerveau.fr\/index.php?rest_route=\/wp\/v2\/pages\/3\/revisions"}],"predecessor-version":[{"id":233,"href":"https:\/\/velopotageretcerveau.fr\/index.php?rest_route=\/wp\/v2\/pages\/3\/revisions\/233"}],"wp:attachment":[{"href":"https:\/\/velopotageretcerveau.fr\/index.php?rest_route=%2Fwp%2Fv2%2Fmedia&parent=3"}],"curies":[{"name":"wp","href":"https:\/\/api.w.org\/{rel}","templated":true}]}}